{"id":11193,"date":"2025-11-13T21:32:40","date_gmt":"2025-11-13T19:32:40","guid":{"rendered":"https:\/\/ayazteknoloji.com\/?post_type=product&#038;p=11193"},"modified":"2025-11-13T21:32:41","modified_gmt":"2025-11-13T19:32:41","slug":"dell-latitude-3440-i5-1335-14-8g-256ssd-w11pro-tasinabilir-bilgisayar","status":"publish","type":"product","link":"https:\/\/ayazteknoloji.com\/index.php\/urun\/dell-latitude-3440-i5-1335-14-8g-256ssd-w11pro-tasinabilir-bilgisayar\/","title":{"rendered":"Dell Latitude 3440 I5 1335-14&#8221;-8G-256SSD-W11PRO Ta\u015f\u0131nabilir Bilgisayar"},"content":{"rendered":"<p>Dell Latitude 3440 I5 1335-14&#8221;-8G-256SSD-W11PRO Ta\u015f\u0131nabilir Bilgisayar<\/p>\n","protected":false},"excerpt":{"rendered":"<p>Dell Latitude 3440 I5 1335-14&#8221;-8G-256SSD-W11PRO Ta\u015f\u0131nabilir Bilgisayar<\/p>\n","protected":false},"featured_media":11195,"comment_status":"closed","ping_status":"closed","template":"","meta":[],"product_brand":[107],"product_cat":[124],"product_tag":[],"class_list":{"0":"post-11193","1":"product","2":"type-product","3":"status-publish","4":"has-post-thumbnail","6":"product_brand-dell","7":"product_cat-notebook","9":"first","10":"instock","11":"shipping-taxable","12":"purchasable","13":"product-type-simple"},"_links":{"self":[{"href":"https:\/\/ayazteknoloji.com\/index.php\/wp-json\/wp\/v2\/product\/11193","targetHints":{"allow":["GET"]}}],"collection":[{"href":"https:\/\/ayazteknoloji.com\/index.php\/wp-json\/wp\/v2\/product"}],"about":[{"href":"https:\/\/ayazteknoloji.com\/index.php\/wp-json\/wp\/v2\/types\/product"}],"replies":[{"embeddable":true,"href":"https:\/\/ayazteknoloji.com\/index.php\/wp-json\/wp\/v2\/comments?post=11193"}],"version-history":[{"count":1,"href":"https:\/\/ayazteknoloji.com\/index.php\/wp-json\/wp\/v2\/product\/11193\/revisions"}],"predecessor-version":[{"id":11196,"href":"https:\/\/ayazteknoloji.com\/index.php\/wp-json\/wp\/v2\/product\/11193\/revisions\/11196"}],"wp:featuredmedia":[{"embeddable":true,"href":"https:\/\/ayazteknoloji.com\/index.php\/wp-json\/wp\/v2\/media\/11195"}],"wp:attachment":[{"href":"https:\/\/ayazteknoloji.com\/index.php\/wp-json\/wp\/v2\/media?parent=11193"}],"wp:term":[{"taxonomy":"product_brand","embeddable":true,"href":"https:\/\/ayazteknoloji.com\/index.php\/wp-json\/wp\/v2\/product_brand?post=11193"},{"taxonomy":"product_cat","embeddable":true,"href":"https:\/\/ayazteknoloji.com\/index.php\/wp-json\/wp\/v2\/product_cat?post=11193"},{"taxonomy":"product_tag","embeddable":true,"href":"https:\/\/ayazteknoloji.com\/index.php\/wp-json\/wp\/v2\/product_tag?post=11193"}],"curies":[{"name":"wp","href":"https:\/\/api.w.org\/{rel}","templated":true}]}}