{"id":11166,"date":"2025-11-13T21:09:42","date_gmt":"2025-11-13T19:09:42","guid":{"rendered":"https:\/\/ayazteknoloji.com\/?post_type=product&#038;p=11166"},"modified":"2026-04-02T11:09:53","modified_gmt":"2026-04-02T09:09:53","slug":"dell-dws-t3680-i9-14900k-32gb-1tb-ssd-nvidia-rtx-ada-4000-20gb-w11pro-masaustu-is-istasyonu","status":"publish","type":"product","link":"https:\/\/ayazteknoloji.com\/index.php\/urun\/dell-dws-t3680-i9-14900k-32gb-1tb-ssd-nvidia-rtx-ada-4000-20gb-w11pro-masaustu-is-istasyonu\/","title":{"rendered":"Dell DWS T3680 i9-14900K 32GB 1TB SSD NVIDIA RTX Ada 4000 20GB W11Pro Masa\u00fcst\u00fc \u0130\u015f \u0130stasyonu"},"content":{"rendered":"<p>Dell DWS T3680 i9-14900K 32GB 1TB SSD NVIDIA RTX Ada 4000 20GB W11Pro Masa\u00fcst\u00fc \u0130\u015f \u0130stasyonu<\/p>\n","protected":false},"excerpt":{"rendered":"<p>Dell DWS T3680 i9-14900K 32GB 1TB SSD NVIDIA RTX Ada 4000 20GB W11Pro Masa\u00fcst\u00fc \u0130\u015f \u0130stasyonu<\/p>\n","protected":false},"featured_media":11167,"comment_status":"closed","ping_status":"closed","template":"","meta":[],"product_brand":[],"product_cat":[132,125],"product_tag":[],"class_list":{"0":"post-11166","1":"product","2":"type-product","3":"status-publish","4":"has-post-thumbnail","6":"product_cat-is-istasyonlari","7":"product_cat-kurumsal-urunler","9":"first","10":"instock","11":"shipping-taxable","12":"purchasable","13":"product-type-simple"},"_links":{"self":[{"href":"https:\/\/ayazteknoloji.com\/index.php\/wp-json\/wp\/v2\/product\/11166","targetHints":{"allow":["GET"]}}],"collection":[{"href":"https:\/\/ayazteknoloji.com\/index.php\/wp-json\/wp\/v2\/product"}],"about":[{"href":"https:\/\/ayazteknoloji.com\/index.php\/wp-json\/wp\/v2\/types\/product"}],"replies":[{"embeddable":true,"href":"https:\/\/ayazteknoloji.com\/index.php\/wp-json\/wp\/v2\/comments?post=11166"}],"version-history":[{"count":1,"href":"https:\/\/ayazteknoloji.com\/index.php\/wp-json\/wp\/v2\/product\/11166\/revisions"}],"predecessor-version":[{"id":11170,"href":"https:\/\/ayazteknoloji.com\/index.php\/wp-json\/wp\/v2\/product\/11166\/revisions\/11170"}],"wp:featuredmedia":[{"embeddable":true,"href":"https:\/\/ayazteknoloji.com\/index.php\/wp-json\/wp\/v2\/media\/11167"}],"wp:attachment":[{"href":"https:\/\/ayazteknoloji.com\/index.php\/wp-json\/wp\/v2\/media?parent=11166"}],"wp:term":[{"taxonomy":"product_brand","embeddable":true,"href":"https:\/\/ayazteknoloji.com\/index.php\/wp-json\/wp\/v2\/product_brand?post=11166"},{"taxonomy":"product_cat","embeddable":true,"href":"https:\/\/ayazteknoloji.com\/index.php\/wp-json\/wp\/v2\/product_cat?post=11166"},{"taxonomy":"product_tag","embeddable":true,"href":"https:\/\/ayazteknoloji.com\/index.php\/wp-json\/wp\/v2\/product_tag?post=11166"}],"curies":[{"name":"wp","href":"https:\/\/api.w.org\/{rel}","templated":true}]}}