{"id":11144,"date":"2025-11-13T19:27:45","date_gmt":"2025-11-13T17:27:45","guid":{"rendered":"https:\/\/ayazteknoloji.com\/?post_type=product&#038;p=11144"},"modified":"2025-11-13T19:27:45","modified_gmt":"2025-11-13T17:27:45","slug":"thermaltake-ux400-argb-120mm-beyaz-kule-tipi-islemci-sogutucu","status":"publish","type":"product","link":"https:\/\/ayazteknoloji.com\/index.php\/urun\/thermaltake-ux400-argb-120mm-beyaz-kule-tipi-islemci-sogutucu\/","title":{"rendered":"Thermaltake UX400 Argb 120MM Beyaz Kule Tipi I\u015flemci So\u011futucu"},"content":{"rendered":"<p>Thermaltake UX400 Argb 120MM Beyaz Kule Tipi I\u015flemci So\u011futucu<\/p>\n","protected":false},"excerpt":{"rendered":"<p>Thermaltake UX400 Argb 120MM Beyaz Kule Tipi I\u015flemci So\u011futucu<\/p>\n","protected":false},"featured_media":11145,"comment_status":"closed","ping_status":"closed","template":"","meta":[],"product_brand":[],"product_cat":[147,182],"product_tag":[],"class_list":{"0":"post-11144","1":"product","2":"type-product","3":"status-publish","4":"has-post-thumbnail","6":"product_cat-bilgisayar-bilesenleri","7":"product_cat-sogutucular-overclock","9":"first","10":"instock","11":"shipping-taxable","12":"purchasable","13":"product-type-simple"},"_links":{"self":[{"href":"https:\/\/ayazteknoloji.com\/index.php\/wp-json\/wp\/v2\/product\/11144","targetHints":{"allow":["GET"]}}],"collection":[{"href":"https:\/\/ayazteknoloji.com\/index.php\/wp-json\/wp\/v2\/product"}],"about":[{"href":"https:\/\/ayazteknoloji.com\/index.php\/wp-json\/wp\/v2\/types\/product"}],"replies":[{"embeddable":true,"href":"https:\/\/ayazteknoloji.com\/index.php\/wp-json\/wp\/v2\/comments?post=11144"}],"version-history":[{"count":1,"href":"https:\/\/ayazteknoloji.com\/index.php\/wp-json\/wp\/v2\/product\/11144\/revisions"}],"predecessor-version":[{"id":11152,"href":"https:\/\/ayazteknoloji.com\/index.php\/wp-json\/wp\/v2\/product\/11144\/revisions\/11152"}],"wp:featuredmedia":[{"embeddable":true,"href":"https:\/\/ayazteknoloji.com\/index.php\/wp-json\/wp\/v2\/media\/11145"}],"wp:attachment":[{"href":"https:\/\/ayazteknoloji.com\/index.php\/wp-json\/wp\/v2\/media?parent=11144"}],"wp:term":[{"taxonomy":"product_brand","embeddable":true,"href":"https:\/\/ayazteknoloji.com\/index.php\/wp-json\/wp\/v2\/product_brand?post=11144"},{"taxonomy":"product_cat","embeddable":true,"href":"https:\/\/ayazteknoloji.com\/index.php\/wp-json\/wp\/v2\/product_cat?post=11144"},{"taxonomy":"product_tag","embeddable":true,"href":"https:\/\/ayazteknoloji.com\/index.php\/wp-json\/wp\/v2\/product_tag?post=11144"}],"curies":[{"name":"wp","href":"https:\/\/api.w.org\/{rel}","templated":true}]}}