{"id":11120,"date":"2025-11-13T18:40:31","date_gmt":"2025-11-13T16:40:31","guid":{"rendered":"https:\/\/ayazteknoloji.com\/?post_type=product&#038;p=11120"},"modified":"2025-11-13T18:40:31","modified_gmt":"2025-11-13T16:40:31","slug":"hikvision-ds-2cd1141g2-liuf-4mp-2-8mm-sesli-ip-dome-kamera","status":"publish","type":"product","link":"https:\/\/ayazteknoloji.com\/index.php\/urun\/hikvision-ds-2cd1141g2-liuf-4mp-2-8mm-sesli-ip-dome-kamera\/","title":{"rendered":"H\u0131kv\u0131s\u0131on DS-2CD1141G2-LIUF 4mp 2.8mm Sesli Ip Dome Kamera"},"content":{"rendered":"<p>H\u0131kv\u0131s\u0131on DS-2CD1141G2-LIUF 4mp 2.8mm Sesli Ip Dome Kamera<\/p>\n","protected":false},"excerpt":{"rendered":"<p>H\u0131kv\u0131s\u0131on DS-2CD1141G2-LIUF 4mp 2.8mm Sesli Ip Dome Kamera<\/p>\n","protected":false},"featured_media":11124,"comment_status":"closed","ping_status":"closed","template":"","meta":[],"product_brand":[],"product_cat":[180],"product_tag":[],"class_list":{"0":"post-11120","1":"product","2":"type-product","3":"status-publish","4":"has-post-thumbnail","6":"product_cat-guvenlik-urunleri","8":"first","9":"instock","10":"shipping-taxable","11":"purchasable","12":"product-type-simple"},"_links":{"self":[{"href":"https:\/\/ayazteknoloji.com\/index.php\/wp-json\/wp\/v2\/product\/11120","targetHints":{"allow":["GET"]}}],"collection":[{"href":"https:\/\/ayazteknoloji.com\/index.php\/wp-json\/wp\/v2\/product"}],"about":[{"href":"https:\/\/ayazteknoloji.com\/index.php\/wp-json\/wp\/v2\/types\/product"}],"replies":[{"embeddable":true,"href":"https:\/\/ayazteknoloji.com\/index.php\/wp-json\/wp\/v2\/comments?post=11120"}],"version-history":[{"count":1,"href":"https:\/\/ayazteknoloji.com\/index.php\/wp-json\/wp\/v2\/product\/11120\/revisions"}],"predecessor-version":[{"id":11125,"href":"https:\/\/ayazteknoloji.com\/index.php\/wp-json\/wp\/v2\/product\/11120\/revisions\/11125"}],"wp:featuredmedia":[{"embeddable":true,"href":"https:\/\/ayazteknoloji.com\/index.php\/wp-json\/wp\/v2\/media\/11124"}],"wp:attachment":[{"href":"https:\/\/ayazteknoloji.com\/index.php\/wp-json\/wp\/v2\/media?parent=11120"}],"wp:term":[{"taxonomy":"product_brand","embeddable":true,"href":"https:\/\/ayazteknoloji.com\/index.php\/wp-json\/wp\/v2\/product_brand?post=11120"},{"taxonomy":"product_cat","embeddable":true,"href":"https:\/\/ayazteknoloji.com\/index.php\/wp-json\/wp\/v2\/product_cat?post=11120"},{"taxonomy":"product_tag","embeddable":true,"href":"https:\/\/ayazteknoloji.com\/index.php\/wp-json\/wp\/v2\/product_tag?post=11120"}],"curies":[{"name":"wp","href":"https:\/\/api.w.org\/{rel}","templated":true}]}}