{"id":11109,"date":"2025-11-13T18:31:16","date_gmt":"2025-11-13T16:31:16","guid":{"rendered":"https:\/\/ayazteknoloji.com\/?post_type=product&#038;p=11109"},"modified":"2025-11-13T18:31:16","modified_gmt":"2025-11-13T16:31:16","slug":"19-1u-6li-schuko-sigortali-aluminyum-rack-kabin-grup-priz-pdu","status":"publish","type":"product","link":"https:\/\/ayazteknoloji.com\/index.php\/urun\/19-1u-6li-schuko-sigortali-aluminyum-rack-kabin-grup-priz-pdu\/","title":{"rendered":"19&#8243; 1U 6&#8217;LI SCHUKO S\u0130GORTALI ALUM\u0130NYUM RACK KAB\u0130N GRUP PR\u0130Z PDU"},"content":{"rendered":"<div class=\"pdt_v8\">\n<h1>19&#8243; 1U 6&#8217;LI SCHUKO S\u0130GORTALI ALUM\u0130NYUM RACK KAB\u0130N GRUP PR\u0130Z PDU<\/h1>\n<\/div>\n<div id=\"UGB\" data-pr=\"1776795346\"><\/div>\n<div id=\"PI_v8\" class=\"pdi_v8\">\n<div class=\"cl_wrapper\"><\/div>\n<\/div>\n","protected":false},"excerpt":{"rendered":"<p>19&#8243; 1U 6&#8217;LI SCHUKO S\u0130GORTALI ALUM\u0130NYUM RACK KAB\u0130N GRUP PR\u0130Z PDU<\/p>\n","protected":false},"featured_media":11111,"comment_status":"closed","ping_status":"closed","template":"","meta":[],"product_brand":[],"product_cat":[162,159],"product_tag":[],"class_list":{"0":"post-11109","1":"product","2":"type-product","3":"status-publish","4":"has-post-thumbnail","6":"product_cat-aksesuarlar","7":"product_cat-cevre-birimleri","9":"first","10":"instock","11":"shipping-taxable","12":"purchasable","13":"product-type-simple"},"_links":{"self":[{"href":"https:\/\/ayazteknoloji.com\/index.php\/wp-json\/wp\/v2\/product\/11109","targetHints":{"allow":["GET"]}}],"collection":[{"href":"https:\/\/ayazteknoloji.com\/index.php\/wp-json\/wp\/v2\/product"}],"about":[{"href":"https:\/\/ayazteknoloji.com\/index.php\/wp-json\/wp\/v2\/types\/product"}],"replies":[{"embeddable":true,"href":"https:\/\/ayazteknoloji.com\/index.php\/wp-json\/wp\/v2\/comments?post=11109"}],"version-history":[{"count":1,"href":"https:\/\/ayazteknoloji.com\/index.php\/wp-json\/wp\/v2\/product\/11109\/revisions"}],"predecessor-version":[{"id":11113,"href":"https:\/\/ayazteknoloji.com\/index.php\/wp-json\/wp\/v2\/product\/11109\/revisions\/11113"}],"wp:featuredmedia":[{"embeddable":true,"href":"https:\/\/ayazteknoloji.com\/index.php\/wp-json\/wp\/v2\/media\/11111"}],"wp:attachment":[{"href":"https:\/\/ayazteknoloji.com\/index.php\/wp-json\/wp\/v2\/media?parent=11109"}],"wp:term":[{"taxonomy":"product_brand","embeddable":true,"href":"https:\/\/ayazteknoloji.com\/index.php\/wp-json\/wp\/v2\/product_brand?post=11109"},{"taxonomy":"product_cat","embeddable":true,"href":"https:\/\/ayazteknoloji.com\/index.php\/wp-json\/wp\/v2\/product_cat?post=11109"},{"taxonomy":"product_tag","embeddable":true,"href":"https:\/\/ayazteknoloji.com\/index.php\/wp-json\/wp\/v2\/product_tag?post=11109"}],"curies":[{"name":"wp","href":"https:\/\/api.w.org\/{rel}","templated":true}]}}