{"id":11020,"date":"2025-11-13T13:10:56","date_gmt":"2025-11-13T11:10:56","guid":{"rendered":"https:\/\/ayazteknoloji.com\/?post_type=product&#038;p=11020"},"modified":"2025-11-13T13:10:56","modified_gmt":"2025-11-13T11:10:56","slug":"hadron-hdx7764-type-c-to-hdmi-usb-3-0-cevirici-3in-1-donusturucu-adaptor","status":"publish","type":"product","link":"https:\/\/ayazteknoloji.com\/index.php\/urun\/hadron-hdx7764-type-c-to-hdmi-usb-3-0-cevirici-3in-1-donusturucu-adaptor\/","title":{"rendered":"Hadron HDX7764 Type-C To HDMI USB 3.0 \u00c7evirici 3&#8217;in 1 D\u00f6n\u00fc\u015ft\u00fcr\u00fcc\u00fc Adapt\u00f6r"},"content":{"rendered":"<p>Hadron HDX7764 Type-C To HDMI USB 3.0 \u00c7evirici 3&#8217;in 1 D\u00f6n\u00fc\u015ft\u00fcr\u00fcc\u00fc Adapt\u00f6r<\/p>\n","protected":false},"excerpt":{"rendered":"<p>Hadron HDX7764 Type-C To HDMI USB 3.0 \u00c7evirici 3&#8217;in 1 D\u00f6n\u00fc\u015ft\u00fcr\u00fcc\u00fc Adapt\u00f6r<\/p>\n","protected":false},"featured_media":11021,"comment_status":"closed","ping_status":"closed","template":"","meta":[],"product_brand":[161],"product_cat":[162,159],"product_tag":[],"class_list":{"0":"post-11020","1":"product","2":"type-product","3":"status-publish","4":"has-post-thumbnail","6":"product_brand-hadron","7":"product_cat-aksesuarlar","8":"product_cat-cevre-birimleri","10":"first","11":"instock","12":"shipping-taxable","13":"purchasable","14":"product-type-simple"},"_links":{"self":[{"href":"https:\/\/ayazteknoloji.com\/index.php\/wp-json\/wp\/v2\/product\/11020","targetHints":{"allow":["GET"]}}],"collection":[{"href":"https:\/\/ayazteknoloji.com\/index.php\/wp-json\/wp\/v2\/product"}],"about":[{"href":"https:\/\/ayazteknoloji.com\/index.php\/wp-json\/wp\/v2\/types\/product"}],"replies":[{"embeddable":true,"href":"https:\/\/ayazteknoloji.com\/index.php\/wp-json\/wp\/v2\/comments?post=11020"}],"version-history":[{"count":1,"href":"https:\/\/ayazteknoloji.com\/index.php\/wp-json\/wp\/v2\/product\/11020\/revisions"}],"predecessor-version":[{"id":11022,"href":"https:\/\/ayazteknoloji.com\/index.php\/wp-json\/wp\/v2\/product\/11020\/revisions\/11022"}],"wp:featuredmedia":[{"embeddable":true,"href":"https:\/\/ayazteknoloji.com\/index.php\/wp-json\/wp\/v2\/media\/11021"}],"wp:attachment":[{"href":"https:\/\/ayazteknoloji.com\/index.php\/wp-json\/wp\/v2\/media?parent=11020"}],"wp:term":[{"taxonomy":"product_brand","embeddable":true,"href":"https:\/\/ayazteknoloji.com\/index.php\/wp-json\/wp\/v2\/product_brand?post=11020"},{"taxonomy":"product_cat","embeddable":true,"href":"https:\/\/ayazteknoloji.com\/index.php\/wp-json\/wp\/v2\/product_cat?post=11020"},{"taxonomy":"product_tag","embeddable":true,"href":"https:\/\/ayazteknoloji.com\/index.php\/wp-json\/wp\/v2\/product_tag?post=11020"}],"curies":[{"name":"wp","href":"https:\/\/api.w.org\/{rel}","templated":true}]}}