{"id":11003,"date":"2025-11-13T12:42:26","date_gmt":"2025-11-13T10:42:26","guid":{"rendered":"https:\/\/ayazteknoloji.com\/?post_type=product&#038;p=11003"},"modified":"2025-11-13T12:42:26","modified_gmt":"2025-11-13T10:42:26","slug":"dexim-k27sg-27-180hz-1ms-hdmidp-freesync-adaptive-sync-full-hd-curved-fast-va-gaming-pivot-monitor","status":"publish","type":"product","link":"https:\/\/ayazteknoloji.com\/index.php\/urun\/dexim-k27sg-27-180hz-1ms-hdmidp-freesync-adaptive-sync-full-hd-curved-fast-va-gaming-pivot-monitor\/","title":{"rendered":"Dexim K27SG 27&#8221; 180Hz 1ms (Hdm\u0131+Dp) Freesync Adaptive Sync Full Hd Curved Fast Va Gaming Pivot Monit\u00f6r"},"content":{"rendered":"<p>Dexim K27SG 27&#8221; 180Hz 1ms (Hdm\u0131+Dp) Freesync Adaptive Sync Full Hd Curved Fast Va Gaming Pivot Monit\u00f6r<\/p>\n","protected":false},"excerpt":{"rendered":"<p>Dexim K27SG 27&#8221; 180Hz 1ms (Hdm\u0131+Dp) Freesync Adaptive Sync Full Hd Curved Fast Va Gaming Pivot Monit\u00f6r<\/p>\n","protected":false},"featured_media":11004,"comment_status":"closed","ping_status":"closed","template":"","meta":[],"product_brand":[166],"product_cat":[126],"product_tag":[],"class_list":{"0":"post-11003","1":"product","2":"type-product","3":"status-publish","4":"has-post-thumbnail","6":"product_brand-dexim","7":"product_cat-monitor","9":"first","10":"instock","11":"shipping-taxable","12":"purchasable","13":"product-type-simple"},"_links":{"self":[{"href":"https:\/\/ayazteknoloji.com\/index.php\/wp-json\/wp\/v2\/product\/11003","targetHints":{"allow":["GET"]}}],"collection":[{"href":"https:\/\/ayazteknoloji.com\/index.php\/wp-json\/wp\/v2\/product"}],"about":[{"href":"https:\/\/ayazteknoloji.com\/index.php\/wp-json\/wp\/v2\/types\/product"}],"replies":[{"embeddable":true,"href":"https:\/\/ayazteknoloji.com\/index.php\/wp-json\/wp\/v2\/comments?post=11003"}],"version-history":[{"count":1,"href":"https:\/\/ayazteknoloji.com\/index.php\/wp-json\/wp\/v2\/product\/11003\/revisions"}],"predecessor-version":[{"id":11009,"href":"https:\/\/ayazteknoloji.com\/index.php\/wp-json\/wp\/v2\/product\/11003\/revisions\/11009"}],"wp:featuredmedia":[{"embeddable":true,"href":"https:\/\/ayazteknoloji.com\/index.php\/wp-json\/wp\/v2\/media\/11004"}],"wp:attachment":[{"href":"https:\/\/ayazteknoloji.com\/index.php\/wp-json\/wp\/v2\/media?parent=11003"}],"wp:term":[{"taxonomy":"product_brand","embeddable":true,"href":"https:\/\/ayazteknoloji.com\/index.php\/wp-json\/wp\/v2\/product_brand?post=11003"},{"taxonomy":"product_cat","embeddable":true,"href":"https:\/\/ayazteknoloji.com\/index.php\/wp-json\/wp\/v2\/product_cat?post=11003"},{"taxonomy":"product_tag","embeddable":true,"href":"https:\/\/ayazteknoloji.com\/index.php\/wp-json\/wp\/v2\/product_tag?post=11003"}],"curies":[{"name":"wp","href":"https:\/\/api.w.org\/{rel}","templated":true}]}}