{"id":10984,"date":"2025-11-13T12:29:48","date_gmt":"2025-11-13T10:29:48","guid":{"rendered":"https:\/\/ayazteknoloji.com\/?post_type=product&#038;p=10984"},"modified":"2025-11-13T12:31:11","modified_gmt":"2025-11-13T10:31:11","slug":"hp-cc500-yuksek-parlak-3in1-full-hd-projeksiyon-600-led-lms-ev-icin-stick-ve-84-inc-perde-hediyeli","status":"publish","type":"product","link":"https:\/\/ayazteknoloji.com\/index.php\/urun\/hp-cc500-yuksek-parlak-3in1-full-hd-projeksiyon-600-led-lms-ev-icin-stick-ve-84-inc-perde-hediyeli\/","title":{"rendered":"HP CC500 Y\u00fcksek Parlak 3in1 Full Hd Projeksiyon 600 LED Lms Ev I\u00e7in Stick ve 84 In\u00e7 Perde Hediyeli"},"content":{"rendered":"<p>HP CC500 Y\u00fcksek Parlak 3in1 Full Hd Projeksiyon 600 LED Lms Ev I\u00e7in Stick ve 84 In\u00e7 Perde Hediyeli<\/p>\n","protected":false},"excerpt":{"rendered":"<p>HP CC500 Y\u00fcksek Parlak 3in1 Full Hd Projeksiyon 600 LED Lms Ev I\u00e7in Stick ve 84 In\u00e7 Perde Hediyeli<\/p>\n","protected":false},"featured_media":10985,"comment_status":"closed","ping_status":"closed","template":"","meta":[],"product_brand":[],"product_cat":[159,165],"product_tag":[],"class_list":{"0":"post-10984","1":"product","2":"type-product","3":"status-publish","4":"has-post-thumbnail","6":"product_cat-cevre-birimleri","7":"product_cat-projeksiyon","9":"first","10":"instock","11":"shipping-taxable","12":"purchasable","13":"product-type-simple"},"_links":{"self":[{"href":"https:\/\/ayazteknoloji.com\/index.php\/wp-json\/wp\/v2\/product\/10984","targetHints":{"allow":["GET"]}}],"collection":[{"href":"https:\/\/ayazteknoloji.com\/index.php\/wp-json\/wp\/v2\/product"}],"about":[{"href":"https:\/\/ayazteknoloji.com\/index.php\/wp-json\/wp\/v2\/types\/product"}],"replies":[{"embeddable":true,"href":"https:\/\/ayazteknoloji.com\/index.php\/wp-json\/wp\/v2\/comments?post=10984"}],"version-history":[{"count":1,"href":"https:\/\/ayazteknoloji.com\/index.php\/wp-json\/wp\/v2\/product\/10984\/revisions"}],"predecessor-version":[{"id":10990,"href":"https:\/\/ayazteknoloji.com\/index.php\/wp-json\/wp\/v2\/product\/10984\/revisions\/10990"}],"wp:featuredmedia":[{"embeddable":true,"href":"https:\/\/ayazteknoloji.com\/index.php\/wp-json\/wp\/v2\/media\/10985"}],"wp:attachment":[{"href":"https:\/\/ayazteknoloji.com\/index.php\/wp-json\/wp\/v2\/media?parent=10984"}],"wp:term":[{"taxonomy":"product_brand","embeddable":true,"href":"https:\/\/ayazteknoloji.com\/index.php\/wp-json\/wp\/v2\/product_brand?post=10984"},{"taxonomy":"product_cat","embeddable":true,"href":"https:\/\/ayazteknoloji.com\/index.php\/wp-json\/wp\/v2\/product_cat?post=10984"},{"taxonomy":"product_tag","embeddable":true,"href":"https:\/\/ayazteknoloji.com\/index.php\/wp-json\/wp\/v2\/product_tag?post=10984"}],"curies":[{"name":"wp","href":"https:\/\/api.w.org\/{rel}","templated":true}]}}