{"id":10971,"date":"2025-11-09T16:11:18","date_gmt":"2025-11-09T14:11:18","guid":{"rendered":"https:\/\/ayazteknoloji.com\/?post_type=product&#038;p=10971"},"modified":"2025-11-09T16:13:52","modified_gmt":"2025-11-09T14:13:52","slug":"digitus-da-70891-type-c-to-4k-30-hz-hdmi-2xusb-3-0-sd-tf-kart-okuyucu-hub-cevirici-adaptor","status":"publish","type":"product","link":"https:\/\/ayazteknoloji.com\/index.php\/urun\/digitus-da-70891-type-c-to-4k-30-hz-hdmi-2xusb-3-0-sd-tf-kart-okuyucu-hub-cevirici-adaptor\/","title":{"rendered":"Digitus DA-70891 Type-C to 4K 30 Hz HDMI 2xUSB 3.0 SD TF Kart Okuyucu Hub \u00c7evirici adapt\u00f6r"},"content":{"rendered":"<p>Digitus DA-70891 Type-C to 4K 30 Hz HDMI 2xUSB 3.0 SD TF Kart Okuyucu Hub \u00c7evirici adapt\u00f6r<\/p>\n","protected":false},"excerpt":{"rendered":"<p>Digitus DA-70891 Type-C to 4K 30 Hz HDMI 2xUSB 3.0 SD TF Kart Okuyucu Hub \u00c7evirici adapt\u00f6r<\/p>\n","protected":false},"featured_media":10972,"comment_status":"closed","ping_status":"closed","template":"","meta":[],"product_brand":[164],"product_cat":[162,159],"product_tag":[],"class_list":{"0":"post-10971","1":"product","2":"type-product","3":"status-publish","4":"has-post-thumbnail","6":"product_brand-digitus","7":"product_cat-aksesuarlar","8":"product_cat-cevre-birimleri","10":"first","11":"instock","12":"shipping-taxable","13":"purchasable","14":"product-type-simple"},"_links":{"self":[{"href":"https:\/\/ayazteknoloji.com\/index.php\/wp-json\/wp\/v2\/product\/10971","targetHints":{"allow":["GET"]}}],"collection":[{"href":"https:\/\/ayazteknoloji.com\/index.php\/wp-json\/wp\/v2\/product"}],"about":[{"href":"https:\/\/ayazteknoloji.com\/index.php\/wp-json\/wp\/v2\/types\/product"}],"replies":[{"embeddable":true,"href":"https:\/\/ayazteknoloji.com\/index.php\/wp-json\/wp\/v2\/comments?post=10971"}],"version-history":[{"count":1,"href":"https:\/\/ayazteknoloji.com\/index.php\/wp-json\/wp\/v2\/product\/10971\/revisions"}],"predecessor-version":[{"id":10978,"href":"https:\/\/ayazteknoloji.com\/index.php\/wp-json\/wp\/v2\/product\/10971\/revisions\/10978"}],"wp:featuredmedia":[{"embeddable":true,"href":"https:\/\/ayazteknoloji.com\/index.php\/wp-json\/wp\/v2\/media\/10972"}],"wp:attachment":[{"href":"https:\/\/ayazteknoloji.com\/index.php\/wp-json\/wp\/v2\/media?parent=10971"}],"wp:term":[{"taxonomy":"product_brand","embeddable":true,"href":"https:\/\/ayazteknoloji.com\/index.php\/wp-json\/wp\/v2\/product_brand?post=10971"},{"taxonomy":"product_cat","embeddable":true,"href":"https:\/\/ayazteknoloji.com\/index.php\/wp-json\/wp\/v2\/product_cat?post=10971"},{"taxonomy":"product_tag","embeddable":true,"href":"https:\/\/ayazteknoloji.com\/index.php\/wp-json\/wp\/v2\/product_tag?post=10971"}],"curies":[{"name":"wp","href":"https:\/\/api.w.org\/{rel}","templated":true}]}}