{"id":10959,"date":"2025-11-09T16:02:03","date_gmt":"2025-11-09T14:02:03","guid":{"rendered":"https:\/\/ayazteknoloji.com\/?post_type=product&#038;p=10959"},"modified":"2025-11-09T16:02:03","modified_gmt":"2025-11-09T14:02:03","slug":"hadron-hd9001-music-receiver-aux-arac-bluetooth","status":"publish","type":"product","link":"https:\/\/ayazteknoloji.com\/index.php\/urun\/hadron-hd9001-music-receiver-aux-arac-bluetooth\/","title":{"rendered":"Hadron HD9001 Mus\u0131c Rece\u0131ver Aux\/ara\u00e7 Bluetooth"},"content":{"rendered":"<p>Hadron HD9001 Mus\u0131c Rece\u0131ver Aux\/ara\u00e7 Bluetooth<\/p>\n","protected":false},"excerpt":{"rendered":"<p>Hadron HD9001 Mus\u0131c Rece\u0131ver Aux\/ara\u00e7 Bluetooth<\/p>\n","protected":false},"featured_media":10960,"comment_status":"closed","ping_status":"closed","template":"","meta":[],"product_brand":[161],"product_cat":[146],"product_tag":[],"class_list":{"0":"post-10959","1":"product","2":"type-product","3":"status-publish","4":"has-post-thumbnail","6":"product_brand-hadron","7":"product_cat-ag-urunleri","9":"first","10":"instock","11":"shipping-taxable","12":"purchasable","13":"product-type-simple"},"_links":{"self":[{"href":"https:\/\/ayazteknoloji.com\/index.php\/wp-json\/wp\/v2\/product\/10959","targetHints":{"allow":["GET"]}}],"collection":[{"href":"https:\/\/ayazteknoloji.com\/index.php\/wp-json\/wp\/v2\/product"}],"about":[{"href":"https:\/\/ayazteknoloji.com\/index.php\/wp-json\/wp\/v2\/types\/product"}],"replies":[{"embeddable":true,"href":"https:\/\/ayazteknoloji.com\/index.php\/wp-json\/wp\/v2\/comments?post=10959"}],"version-history":[{"count":1,"href":"https:\/\/ayazteknoloji.com\/index.php\/wp-json\/wp\/v2\/product\/10959\/revisions"}],"predecessor-version":[{"id":10962,"href":"https:\/\/ayazteknoloji.com\/index.php\/wp-json\/wp\/v2\/product\/10959\/revisions\/10962"}],"wp:featuredmedia":[{"embeddable":true,"href":"https:\/\/ayazteknoloji.com\/index.php\/wp-json\/wp\/v2\/media\/10960"}],"wp:attachment":[{"href":"https:\/\/ayazteknoloji.com\/index.php\/wp-json\/wp\/v2\/media?parent=10959"}],"wp:term":[{"taxonomy":"product_brand","embeddable":true,"href":"https:\/\/ayazteknoloji.com\/index.php\/wp-json\/wp\/v2\/product_brand?post=10959"},{"taxonomy":"product_cat","embeddable":true,"href":"https:\/\/ayazteknoloji.com\/index.php\/wp-json\/wp\/v2\/product_cat?post=10959"},{"taxonomy":"product_tag","embeddable":true,"href":"https:\/\/ayazteknoloji.com\/index.php\/wp-json\/wp\/v2\/product_tag?post=10959"}],"curies":[{"name":"wp","href":"https:\/\/api.w.org\/{rel}","templated":true}]}}