{"id":10949,"date":"2025-11-09T15:46:59","date_gmt":"2025-11-09T13:46:59","guid":{"rendered":"https:\/\/ayazteknoloji.com\/?post_type=product&#038;p=10949"},"modified":"2026-05-14T15:00:33","modified_gmt":"2026-05-14T13:00:33","slug":"s-link-sl-ud443-usb-to-dvivga-adaptor","status":"publish","type":"product","link":"https:\/\/ayazteknoloji.com\/index.php\/urun\/s-link-sl-ud443-usb-to-dvivga-adaptor\/","title":{"rendered":"S-Link SL-UD443 USB To Dv\u0131+Vga Adapt\u00f6r"},"content":{"rendered":"<p>S-Link SL-UD443 USB To Dv\u0131+Vga Adapt\u00f6r<\/p>\n","protected":false},"excerpt":{"rendered":"<p>S-Link SL-UD443 USB To Dv\u0131+Vga Adapt\u00f6r<\/p>\n","protected":false},"featured_media":10950,"comment_status":"closed","ping_status":"closed","template":"","meta":[],"product_brand":[157],"product_cat":[99],"product_tag":[158],"class_list":{"0":"post-10949","1":"product","2":"type-product","3":"status-publish","4":"has-post-thumbnail","6":"product_brand-slink","7":"product_cat-bilgisayar","8":"product_tag-aksesuarlar","10":"first","11":"outofstock","12":"shipping-taxable","13":"purchasable","14":"product-type-simple"},"_links":{"self":[{"href":"https:\/\/ayazteknoloji.com\/index.php\/wp-json\/wp\/v2\/product\/10949","targetHints":{"allow":["GET"]}}],"collection":[{"href":"https:\/\/ayazteknoloji.com\/index.php\/wp-json\/wp\/v2\/product"}],"about":[{"href":"https:\/\/ayazteknoloji.com\/index.php\/wp-json\/wp\/v2\/types\/product"}],"replies":[{"embeddable":true,"href":"https:\/\/ayazteknoloji.com\/index.php\/wp-json\/wp\/v2\/comments?post=10949"}],"version-history":[{"count":1,"href":"https:\/\/ayazteknoloji.com\/index.php\/wp-json\/wp\/v2\/product\/10949\/revisions"}],"predecessor-version":[{"id":10951,"href":"https:\/\/ayazteknoloji.com\/index.php\/wp-json\/wp\/v2\/product\/10949\/revisions\/10951"}],"wp:featuredmedia":[{"embeddable":true,"href":"https:\/\/ayazteknoloji.com\/index.php\/wp-json\/wp\/v2\/media\/10950"}],"wp:attachment":[{"href":"https:\/\/ayazteknoloji.com\/index.php\/wp-json\/wp\/v2\/media?parent=10949"}],"wp:term":[{"taxonomy":"product_brand","embeddable":true,"href":"https:\/\/ayazteknoloji.com\/index.php\/wp-json\/wp\/v2\/product_brand?post=10949"},{"taxonomy":"product_cat","embeddable":true,"href":"https:\/\/ayazteknoloji.com\/index.php\/wp-json\/wp\/v2\/product_cat?post=10949"},{"taxonomy":"product_tag","embeddable":true,"href":"https:\/\/ayazteknoloji.com\/index.php\/wp-json\/wp\/v2\/product_tag?post=10949"}],"curies":[{"name":"wp","href":"https:\/\/api.w.org\/{rel}","templated":true}]}}