{"id":27,"date":"2022-11-30T16:08:51","date_gmt":"2022-11-30T16:08:51","guid":{"rendered":"http:\/\/dummy.xtemos.com\/woodmart2\/mega-electronics-elementor\/?page_id=27"},"modified":"2025-09-29T19:36:53","modified_gmt":"2025-09-29T17:36:53","slug":"hakkimizda","status":"publish","type":"page","link":"https:\/\/ayazteknoloji.com\/index.php\/hakkimizda\/","title":{"rendered":"Hakk\u0131m\u0131zda"},"content":{"rendered":"\t\t<div data-elementor-type=\"wp-page\" data-elementor-id=\"27\" class=\"elementor elementor-27\">\n\t\t\t\t<div class=\"wd-negative-gap elementor-element elementor-element-421a639 e-flex e-con-boxed e-con e-parent\" data-id=\"421a639\" data-element_type=\"container\" data-settings=\"{&quot;background_background&quot;:&quot;classic&quot;}\">\n\t\t\t\t\t<div class=\"e-con-inner\">\n\t\t<div class=\"elementor-element elementor-element-ae9be23 e-con-full e-flex e-con e-child\" data-id=\"ae9be23\" data-element_type=\"container\">\n\t\t\t\t<div class=\"elementor-element elementor-element-f07c0c3 wd-width-100 elementor-widget elementor-widget-wd_title\" data-id=\"f07c0c3\" data-element_type=\"widget\" data-widget_type=\"wd_title.default\">\n\t\t\t\t<div class=\"elementor-widget-container\">\n\t\t\t\t\t\t\t<div class=\"title-wrapper wd-set-mb reset-last-child wd-title-color-white wd-title-style-default wd-title-size-medium text-left\">\n\n\t\t\t\n\t\t\t<div class=\"liner-continer\">\n\t\t\t\t<h4 class=\"woodmart-title-container title wd-fontsize-xl\">Sat\u0131\u015f ve Y\u00f6netim<\/h4> \n\t\t\t\t\t\t\t<\/div>\n\n\t\t\t\t\t\t\t<div class=\"title-after_title reset-last-child wd-fontsize-s\">\n\t\t\t\t\t<p>M\u00fc\u015fteri Temsilcileri ve \u00dcr\u00fcn Destek B\u00f6l\u00fcm\u00fc<\/p>\t\t\t\t<\/div>\n\t\t\t\t\t<\/div>\n\t\t\t\t\t\t<\/div>\n\t\t\t\t<\/div>\n\t\t<div class=\"wd-negative-gap elementor-element elementor-element-89b96e4 e-flex e-con-boxed e-con e-child\" data-id=\"89b96e4\" data-element_type=\"container\">\n\t\t\t\t\t<div class=\"e-con-inner\">\n\t\t\t\t<div class=\"elementor-element elementor-element-463dd83 elementor-widget__width-initial elementor-widget elementor-widget-wd_infobox\" data-id=\"463dd83\" data-element_type=\"widget\" data-widget_type=\"wd_infobox.default\">\n\t\t\t\t<div class=\"elementor-widget-container\">\n\t\t\t\t\t\t\t<div class=\"info-box-wrapper\">\n\t\t\t<div class=\"wd-info-box text-left box-icon-align-top box-style-base color-scheme-light\">\n\t\t\t\t\t\t\t\t\t<div class=\"box-icon-wrapper  box-with-icon box-icon-simple\">\n\t\t\t\t\t\t<div class=\"info-box-icon\">\n\t\t\t\t\t\t\t\t\t\t\t\t\t\t\t<div class=\"info-svg-wrapper\" style=\"width:24px; height:24px;\"><img loading=\"lazy\" decoding=\"async\"  src=\"https:\/\/ayazteknoloji.com\/wp-content\/uploads\/2023\/01\/header-cart.svg\" title=\"header-cart\" loading=\"lazy\" width=\"24\" height=\"24\"><\/div>\t\t\t\t\t\t\t\t\t\t\t\t\t<\/div>\n\t\t\t\t\t<\/div>\n\t\t\t\t\n\t\t\t\t<div class=\"info-box-content\">\n\t\t\t\t\t\n\t\t\t\t\t\t\t\t\t\t\t<h4\t\t\t\t\t\tclass=\"info-box-title title box-title-style-default wd-fontsize-m\" data-elementor-setting-key=\"title\">\n\t\t\t\t\t\t\t\tOnline Sipari\u015f\t\t\t\t\t\t<\/h4>\n\t\t\t\t\t\n\t\t\t\t\t<div class=\"info-box-inner reset-last-child\"data-elementor-setting-key=\"content\"><\/div>\n\n\t\t\t\t\t\t\t\t\t<\/div>\n\n\t\t\t\t\t\t\t\t\t<a href=\"#\" class=\"wd-info-box-link wd-fill\" aria-label=\"Infobox link\"><\/a>\n\t\t\t\t\t\t\t<\/div>\n\t\t<\/div>\n\t\t\t\t\t\t<\/div>\n\t\t\t\t<\/div>\n\t\t\t\t<div class=\"elementor-element elementor-element-ceb718f elementor-widget__width-initial elementor-widget elementor-widget-wd_infobox\" data-id=\"ceb718f\" data-element_type=\"widget\" data-widget_type=\"wd_infobox.default\">\n\t\t\t\t<div class=\"elementor-widget-container\">\n\t\t\t\t\t\t\t<div class=\"info-box-wrapper\">\n\t\t\t<div class=\"wd-info-box text-left box-icon-align-top box-style-base color-scheme-light\">\n\t\t\t\t\t\t\t\t\t<div class=\"box-icon-wrapper  box-with-icon box-icon-simple\">\n\t\t\t\t\t\t<div class=\"info-box-icon\">\n\t\t\t\t\t\t\t\t\t\t\t\t\t\t\t<div class=\"info-svg-wrapper\" style=\"width:24px; height:24px;\"><img loading=\"lazy\" decoding=\"async\"  src=\"https:\/\/ayazteknoloji.com\/wp-content\/uploads\/2023\/08\/storec-shop.svg\" title=\"storec-shop\" loading=\"lazy\" width=\"24\" height=\"24\"><\/div>\t\t\t\t\t\t\t\t\t\t\t\t\t<\/div>\n\t\t\t\t\t<\/div>\n\t\t\t\t\n\t\t\t\t<div class=\"info-box-content\">\n\t\t\t\t\t\n\t\t\t\t\t\t\t\t\t\t\t<h4\t\t\t\t\t\tclass=\"info-box-title title box-title-style-default wd-fontsize-m\" data-elementor-setting-key=\"title\">\n\t\t\t\t\t\t\t\tMa\u011faza\t\t\t\t\t\t<\/h4>\n\t\t\t\t\t\n\t\t\t\t\t<div class=\"info-box-inner reset-last-child\"data-elementor-setting-key=\"content\"><\/div>\n\n\t\t\t\t\t\t\t\t\t<\/div>\n\n\t\t\t\t\t\t\t\t\t<a href=\"#\" class=\"wd-info-box-link wd-fill\" aria-label=\"Infobox link\"><\/a>\n\t\t\t\t\t\t\t<\/div>\n\t\t<\/div>\n\t\t\t\t\t\t<\/div>\n\t\t\t\t<\/div>\n\t\t\t\t<div class=\"elementor-element elementor-element-d7f604b elementor-widget__width-initial elementor-widget elementor-widget-wd_infobox\" data-id=\"d7f604b\" data-element_type=\"widget\" data-widget_type=\"wd_infobox.default\">\n\t\t\t\t<div class=\"elementor-widget-container\">\n\t\t\t\t\t\t\t<div class=\"info-box-wrapper\">\n\t\t\t<div class=\"wd-info-box text-left box-icon-align-top box-style-base color-scheme-light\">\n\t\t\t\t\t\t\t\t\t<div class=\"box-icon-wrapper  box-with-icon box-icon-simple\">\n\t\t\t\t\t\t<div class=\"info-box-icon\">\n\t\t\t\t\t\t\t\t\t\t\t\t\t\t\t<div class=\"info-svg-wrapper\" style=\"width:24px; height:24px;\"><img loading=\"lazy\" decoding=\"async\"  src=\"https:\/\/ayazteknoloji.com\/wp-content\/uploads\/2023\/08\/storec-cog.svg\" title=\"storec-cog\" loading=\"lazy\" width=\"24\" height=\"24\"><\/div>\t\t\t\t\t\t\t\t\t\t\t\t\t<\/div>\n\t\t\t\t\t<\/div>\n\t\t\t\t\n\t\t\t\t<div class=\"info-box-content\">\n\t\t\t\t\t\n\t\t\t\t\t\t\t\t\t\t\t<h4\t\t\t\t\t\tclass=\"info-box-title title box-title-style-default wd-fontsize-m\" data-elementor-setting-key=\"title\">\n\t\t\t\t\t\t\t\tTeknik Destek\t\t\t\t\t\t<\/h4>\n\t\t\t\t\t\n\t\t\t\t\t<div class=\"info-box-inner reset-last-child\"data-elementor-setting-key=\"content\"><\/div>\n\n\t\t\t\t\t\t\t\t\t<\/div>\n\n\t\t\t\t\t\t\t\t\t<a href=\"#\" class=\"wd-info-box-link wd-fill\" aria-label=\"Infobox link\"><\/a>\n\t\t\t\t\t\t\t<\/div>\n\t\t<\/div>\n\t\t\t\t\t\t<\/div>\n\t\t\t\t<\/div>\n\t\t\t\t\t<\/div>\n\t\t\t\t<\/div>\n\t\t\t\t<\/div>\n\t\t<div class=\"elementor-element elementor-element-93f4f11 e-con-full e-flex e-con e-child\" data-id=\"93f4f11\" data-element_type=\"container\">\n\t\t\t\t<div class=\"elementor-element elementor-element-b1738be elementor-widget elementor-widget-wd_image_or_svg\" data-id=\"b1738be\" data-element_type=\"widget\" data-widget_type=\"wd_image_or_svg.default\">\n\t\t\t\t<div class=\"elementor-widget-container\">\n\t\t\t\t\t\n\t\t<div class=\"wd-image text-center\">\n\t\t\t\t\t\t\t\t<img fetchpriority=\"high\" decoding=\"async\" width=\"500\" height=\"300\" src=\"https:\/\/ayazteknoloji.com\/wp-content\/uploads\/2025\/09\/WhatsApp-Image-2023-07-18-at-16.14.11-2-500x300.jpeg\" class=\"attachment-500x300 size-500x300\" alt=\"\" \/>\t\t\t\t\t<\/div>\n\n\t\t\t\t\t\t<\/div>\n\t\t\t\t<\/div>\n\t\t\t\t<\/div>\n\t\t\t\t\t<\/div>\n\t\t\t\t<\/div>\n\t\t<div class=\"wd-negative-gap elementor-element elementor-element-b6984ba e-flex e-con-boxed e-con e-parent\" data-id=\"b6984ba\" data-element_type=\"container\" data-settings=\"{&quot;background_background&quot;:&quot;classic&quot;}\">\n\t\t\t\t\t<div class=\"e-con-inner\">\n\t\t\t\t<div class=\"elementor-element elementor-element-c3efa07 elementor-widget elementor-widget-wd_text_block\" data-id=\"c3efa07\" data-element_type=\"widget\" data-widget_type=\"wd_text_block.default\">\n\t\t\t\t<div class=\"elementor-widget-container\">\n\t\t\t\t\t\t\t<div class=\"wd-text-block reset-last-child text-left\">\n\t\t\t\n\t\t\t<h2 data-start=\"87\" data-end=\"102\">Hakk\u0131m\u0131zda<\/h2><p data-start=\"104\" data-end=\"414\"><strong data-start=\"104\" data-end=\"122\">Ayaz Teknoloji<\/strong>, 25 y\u0131l\u0131 a\u015fk\u0131n tecr\u00fcbesiyle teknoloji sekt\u00f6r\u00fcnde g\u00fcven, kalite ve m\u00fc\u015fteri memnuniyetini \u00f6n planda tutan k\u00f6kl\u00fc bir firmad\u0131r. Kuruldu\u011fumuz g\u00fcnden bu yana hem kurumsal firmalara hem de son kullan\u0131c\u0131ya y\u00f6nelik geni\u015f \u00fcr\u00fcn yelpazemizle, teknolojiyi herkes i\u00e7in ula\u015f\u0131labilir k\u0131lmay\u0131 hedefliyoruz.<\/p><p data-start=\"416\" data-end=\"753\">Bilgisayar, elektronik, ki\u015fisel bak\u0131m ve ev aletlerinden, son kullan\u0131c\u0131ya y\u00f6nelik yenilik\u00e7i \u00e7\u00f6z\u00fcmlere kadar uzanan \u00fcr\u00fcn gam\u0131m\u0131zla, her ihtiyaca uygun profesyonel \u00e7\u00f6z\u00fcmler sunuyoruz. Kurumsal i\u015f ortaklar\u0131m\u0131z i\u00e7in \u00f6zel projeler geli\u015ftirirken, bireysel m\u00fc\u015fterilerimize de en yeni teknolojileri g\u00fcvenilir ve uygun ko\u015fullarda ula\u015ft\u0131r\u0131yoruz.<\/p><p data-start=\"755\" data-end=\"1003\">Ayaz Teknoloji olarak en \u00f6nemli ilkemiz <strong data-start=\"795\" data-end=\"821\">m\u00fc\u015fteri memnuniyetidir<\/strong>. Sat\u0131\u015f \u00f6ncesinde do\u011fru bilgilendirme, sat\u0131\u015f s\u0131ras\u0131nda g\u00fcvenli al\u0131\u015fveri\u015f ve sat\u0131\u015f sonras\u0131nda kesintisiz destek sa\u011flayarak uzun vadeli bir g\u00fcven ili\u015fkisi kurmay\u0131 prensip ediniyoruz.<\/p><p data-start=\"1005\" data-end=\"1204\">Ge\u00e7mi\u015ften ald\u0131\u011f\u0131m\u0131z g\u00fc\u00e7 ve deneyimle, gelece\u011fin teknolojilerini bug\u00fcnden sizlere sunuyor; yenilik\u00e7i, g\u00fcvenilir ve kaliteli hizmet anlay\u0131\u015f\u0131m\u0131zla sekt\u00f6r\u00fcn \u00f6nc\u00fc firmalar\u0131ndan biri olmay\u0131 s\u00fcrd\u00fcr\u00fcyoruz.<\/p>\n\t\t\t\t\t<\/div>\n\t\t\t\t\t\t<\/div>\n\t\t\t\t<\/div>\n\t\t<div class=\"elementor-element elementor-element-8942c16 e-con-full e-flex e-con e-child\" data-id=\"8942c16\" data-element_type=\"container\">\n\t\t<div class=\"elementor-element elementor-element-6116d45 e-con-full e-flex e-con e-child\" data-id=\"6116d45\" data-element_type=\"container\">\n\t\t\t\t<div class=\"elementor-element elementor-element-1d08c7e elementor-widget__width-initial elementor-widget elementor-widget-wd_banner\" data-id=\"1d08c7e\" data-element_type=\"widget\" data-widget_type=\"wd_banner.default\">\n\t\t\t\t<div class=\"elementor-widget-container\">\n\t\t\t\t\t\t\t<div class=\"promo-banner-wrapper\">\n\t\t\t<div class=\"promo-banner banner-mask banner-hover-zoom color-scheme-light banner-btn-size-default banner-btn-style-default wd-with-link\">\n\t\t\t\t<div class=\"main-wrapp-img\">\n\t\t\t\t\t<div class=\"banner-image\">\n\t\t\t\t\t\t\t\t\t\t\t\t\t\t\t\t\t\t\t\t\t<img decoding=\"async\" width=\"500\" height=\"372\" src=\"https:\/\/ayazteknoloji.com\/wp-content\/uploads\/2025\/09\/L_height-1-1.webp\" class=\"attachment-full size-full\" alt=\"\" srcset=\"https:\/\/ayazteknoloji.com\/wp-content\/uploads\/2025\/09\/L_height-1-1.webp 500w, https:\/\/ayazteknoloji.com\/wp-content\/uploads\/2025\/09\/L_height-1-1-300x223.webp 300w, https:\/\/ayazteknoloji.com\/wp-content\/uploads\/2025\/09\/L_height-1-1-150x112.webp 150w\" sizes=\"(max-width: 500px) 100vw, 500px\" \/>\t\t\t\t\t\t\t\t\t\t\t\t\t\t\t\t\t\t<\/div>\n\t\t\t\t<\/div>\n\n\t\t\t\t<div class=\"wrapper-content-banner wd-fill wd-items-bottom wd-justify-left\">\n\t\t\t\t\t<div class=\"content-banner  text-left\">\n\t\t\t\t\t\t\n\t\t\t\t\t\t\t\t\t\t\t\t\t<h4 class=\"banner-title wd-fontsize-l\" data-elementor-setting-key=\"title\">\n\t\t\t\t\t\t\t\tM\u00fc\u015fteri Temscileri\t\t\t\t\t\t\t<\/h4>\n\t\t\t\t\t\t\n\t\t\t\t\t\t\n\t\t\t\t\t\t\n\t\t\t\t\t\t\t\t\t\t\t<\/div>\n\t\t\t\t<\/div>\n\n\t\t\t\t\t\t\t\t\t<a href=\"https:\/\/ayazteknoloji.com\/broadway-store\/\" class=\"wd-promo-banner-link wd-fill\" aria-label=\"Banner link\"><\/a>\n\t\t\t\t\t\t\t<\/div>\n\t\t<\/div>\n\t\t\t\t\t\t<\/div>\n\t\t\t\t<\/div>\n\t\t\t\t<div class=\"elementor-element elementor-element-5e35d48 elementor-widget__width-initial elementor-widget elementor-widget-wd_banner\" data-id=\"5e35d48\" data-element_type=\"widget\" data-widget_type=\"wd_banner.default\">\n\t\t\t\t<div class=\"elementor-widget-container\">\n\t\t\t\t\t\t\t<div class=\"promo-banner-wrapper\">\n\t\t\t<div class=\"promo-banner banner-mask banner-hover-zoom color-scheme-light banner-btn-size-default banner-btn-style-default wd-with-link\">\n\t\t\t\t<div class=\"main-wrapp-img\">\n\t\t\t\t\t<div class=\"banner-image\">\n\t\t\t\t\t\t\t\t\t\t\t\t\t\t\t\t\t\t\t\t\t<img decoding=\"async\" width=\"1440\" height=\"1080\" src=\"https:\/\/ayazteknoloji.com\/wp-content\/uploads\/2025\/09\/WhatsApp-Image-2023-07-18-at-16.14.12-2.jpeg\" class=\"attachment-full size-full\" alt=\"\" srcset=\"https:\/\/ayazteknoloji.com\/wp-content\/uploads\/2025\/09\/WhatsApp-Image-2023-07-18-at-16.14.12-2.jpeg 1440w, https:\/\/ayazteknoloji.com\/wp-content\/uploads\/2025\/09\/WhatsApp-Image-2023-07-18-at-16.14.12-2-300x225.jpeg 300w, https:\/\/ayazteknoloji.com\/wp-content\/uploads\/2025\/09\/WhatsApp-Image-2023-07-18-at-16.14.12-2-1024x768.jpeg 1024w, https:\/\/ayazteknoloji.com\/wp-content\/uploads\/2025\/09\/WhatsApp-Image-2023-07-18-at-16.14.12-2-768x576.jpeg 768w, https:\/\/ayazteknoloji.com\/wp-content\/uploads\/2025\/09\/WhatsApp-Image-2023-07-18-at-16.14.12-2-1200x900.jpeg 1200w, https:\/\/ayazteknoloji.com\/wp-content\/uploads\/2025\/09\/WhatsApp-Image-2023-07-18-at-16.14.12-2-150x113.jpeg 150w\" sizes=\"(max-width: 1440px) 100vw, 1440px\" \/>\t\t\t\t\t\t\t\t\t\t\t\t\t\t\t\t\t\t<\/div>\n\t\t\t\t<\/div>\n\n\t\t\t\t<div class=\"wrapper-content-banner wd-fill wd-items-bottom wd-justify-left\">\n\t\t\t\t\t<div class=\"content-banner  text-left\">\n\t\t\t\t\t\t\n\t\t\t\t\t\t\t\t\t\t\t\t\t<h4 class=\"banner-title wd-fontsize-l\" data-elementor-setting-key=\"title\">\n\t\t\t\t\t\t\t\tY\u00f6netim\t\t\t\t\t\t\t<\/h4>\n\t\t\t\t\t\t\n\t\t\t\t\t\t\n\t\t\t\t\t\t\n\t\t\t\t\t\t\t\t\t\t\t<\/div>\n\t\t\t\t<\/div>\n\n\t\t\t\t\t\t\t\t\t<a href=\"https:\/\/ayazteknoloji.com\/valencia-store\/\" class=\"wd-promo-banner-link wd-fill\" aria-label=\"Banner link\"><\/a>\n\t\t\t\t\t\t\t<\/div>\n\t\t<\/div>\n\t\t\t\t\t\t<\/div>\n\t\t\t\t<\/div>\n\t\t\t\t<\/div>\n\t\t<div class=\"elementor-element elementor-element-816dbdb e-con-full e-flex e-con e-child\" data-id=\"816dbdb\" data-element_type=\"container\">\n\t\t\t\t<div class=\"elementor-element elementor-element-23d287f elementor-widget__width-initial elementor-widget elementor-widget-wd_banner\" data-id=\"23d287f\" data-element_type=\"widget\" data-widget_type=\"wd_banner.default\">\n\t\t\t\t<div class=\"elementor-widget-container\">\n\t\t\t\t\t\t\t<div class=\"promo-banner-wrapper\">\n\t\t\t<div class=\"promo-banner banner-mask banner-hover-zoom color-scheme-light banner-btn-size-default banner-btn-style-default wd-with-link\">\n\t\t\t\t<div class=\"main-wrapp-img\">\n\t\t\t\t\t<div class=\"banner-image\">\n\t\t\t\t\t\t\t\t\t\t\t\t\t\t\t\t\t\t\t\t\t<img loading=\"lazy\" decoding=\"async\" width=\"1440\" height=\"1080\" src=\"https:\/\/ayazteknoloji.com\/wp-content\/uploads\/2025\/09\/WhatsApp-Image-2023-07-18-at-17.27.45-1.jpeg\" class=\"attachment-full size-full\" alt=\"\" srcset=\"https:\/\/ayazteknoloji.com\/wp-content\/uploads\/2025\/09\/WhatsApp-Image-2023-07-18-at-17.27.45-1.jpeg 1440w, https:\/\/ayazteknoloji.com\/wp-content\/uploads\/2025\/09\/WhatsApp-Image-2023-07-18-at-17.27.45-1-300x225.jpeg 300w, https:\/\/ayazteknoloji.com\/wp-content\/uploads\/2025\/09\/WhatsApp-Image-2023-07-18-at-17.27.45-1-1024x768.jpeg 1024w, https:\/\/ayazteknoloji.com\/wp-content\/uploads\/2025\/09\/WhatsApp-Image-2023-07-18-at-17.27.45-1-768x576.jpeg 768w, https:\/\/ayazteknoloji.com\/wp-content\/uploads\/2025\/09\/WhatsApp-Image-2023-07-18-at-17.27.45-1-1200x900.jpeg 1200w, https:\/\/ayazteknoloji.com\/wp-content\/uploads\/2025\/09\/WhatsApp-Image-2023-07-18-at-17.27.45-1-150x113.jpeg 150w\" sizes=\"(max-width: 1440px) 100vw, 1440px\" \/>\t\t\t\t\t\t\t\t\t\t\t\t\t\t\t\t\t\t<\/div>\n\t\t\t\t<\/div>\n\n\t\t\t\t<div class=\"wrapper-content-banner wd-fill wd-items-bottom wd-justify-left\">\n\t\t\t\t\t<div class=\"content-banner  text-left\">\n\t\t\t\t\t\t\n\t\t\t\t\t\t\t\t\t\t\t\t\t<h4 class=\"banner-title wd-fontsize-l\" data-elementor-setting-key=\"title\">\n\t\t\t\t\t\t\t\tTeknik \t\t\t\t\t\t\t<\/h4>\n\t\t\t\t\t\t\n\t\t\t\t\t\t\n\t\t\t\t\t\t\n\t\t\t\t\t\t\t\t\t\t\t<\/div>\n\t\t\t\t<\/div>\n\n\t\t\t\t\t\t\t\t\t<a href=\"https:\/\/ayazteknoloji.com\/emeryville-store\/\" class=\"wd-promo-banner-link wd-fill\" aria-label=\"Banner link\"><\/a>\n\t\t\t\t\t\t\t<\/div>\n\t\t<\/div>\n\t\t\t\t\t\t<\/div>\n\t\t\t\t<\/div>\n\t\t\t\t<div class=\"elementor-element elementor-element-9244927 elementor-widget__width-initial elementor-widget elementor-widget-wd_banner\" data-id=\"9244927\" data-element_type=\"widget\" data-widget_type=\"wd_banner.default\">\n\t\t\t\t<div class=\"elementor-widget-container\">\n\t\t\t\t\t\t\t<div class=\"promo-banner-wrapper\">\n\t\t\t<div class=\"promo-banner banner-mask banner-hover-zoom color-scheme-light banner-btn-size-default banner-btn-style-default wd-with-link\">\n\t\t\t\t<div class=\"main-wrapp-img\">\n\t\t\t\t\t<div class=\"banner-image\">\n\t\t\t\t\t\t\t\t\t\t\t\t\t\t\t\t\t\t\t\t\t<img loading=\"lazy\" decoding=\"async\" width=\"810\" height=\"1080\" src=\"https:\/\/ayazteknoloji.com\/wp-content\/uploads\/2025\/09\/WhatsApp-Image-2023-07-18-at-16.14.33-1.jpeg\" class=\"attachment-full size-full\" alt=\"\" srcset=\"https:\/\/ayazteknoloji.com\/wp-content\/uploads\/2025\/09\/WhatsApp-Image-2023-07-18-at-16.14.33-1.jpeg 810w, https:\/\/ayazteknoloji.com\/wp-content\/uploads\/2025\/09\/WhatsApp-Image-2023-07-18-at-16.14.33-1-225x300.jpeg 225w, https:\/\/ayazteknoloji.com\/wp-content\/uploads\/2025\/09\/WhatsApp-Image-2023-07-18-at-16.14.33-1-768x1024.jpeg 768w, https:\/\/ayazteknoloji.com\/wp-content\/uploads\/2025\/09\/WhatsApp-Image-2023-07-18-at-16.14.33-1-150x200.jpeg 150w\" sizes=\"(max-width: 810px) 100vw, 810px\" \/>\t\t\t\t\t\t\t\t\t\t\t\t\t\t\t\t\t\t<\/div>\n\t\t\t\t<\/div>\n\n\t\t\t\t<div class=\"wrapper-content-banner wd-fill wd-items-bottom wd-justify-left\">\n\t\t\t\t\t<div class=\"content-banner  text-left\">\n\t\t\t\t\t\t\n\t\t\t\t\t\t\t\t\t\t\t\t\t<h4 class=\"banner-title wd-fontsize-l\" data-elementor-setting-key=\"title\">\n\t\t\t\t\t\t\t\tDepo\t\t\t\t\t\t\t<\/h4>\n\t\t\t\t\t\t\n\t\t\t\t\t\t\n\t\t\t\t\t\t\n\t\t\t\t\t\t\t\t\t\t\t<\/div>\n\t\t\t\t<\/div>\n\n\t\t\t\t\t\t\t\t\t<a href=\"https:\/\/ayazteknoloji.com\/alameda-store\/\" class=\"wd-promo-banner-link wd-fill\" aria-label=\"Banner link\"><\/a>\n\t\t\t\t\t\t\t<\/div>\n\t\t<\/div>\n\t\t\t\t\t\t<\/div>\n\t\t\t\t<\/div>\n\t\t\t\t<\/div>\n\t\t\t\t<\/div>\n\t\t\t\t\t<\/div>\n\t\t\t\t<\/div>\n\t\t\t\t<\/div>\n\t\t","protected":false},"excerpt":{"rendered":"<p>Sat\u0131\u015f ve Y\u00f6netim M\u00fc\u015fteri Temsilcileri ve \u00dcr\u00fcn Destek B\u00f6l\u00fcm\u00fc Online Sipari\u015f Ma\u011faza Teknik Destek Hakk\u0131m\u0131zda Ayaz Teknoloji, 25 y\u0131l\u0131 a\u015fk\u0131n<\/p>\n","protected":false},"author":1,"featured_media":0,"parent":0,"menu_order":0,"comment_status":"closed","ping_status":"closed","template":"","meta":{"footnotes":""},"class_list":["post-27","page","type-page","status-publish","hentry"],"_links":{"self":[{"href":"https:\/\/ayazteknoloji.com\/index.php\/wp-json\/wp\/v2\/pages\/27","targetHints":{"allow":["GET"]}}],"collection":[{"href":"https:\/\/ayazteknoloji.com\/index.php\/wp-json\/wp\/v2\/pages"}],"about":[{"href":"https:\/\/ayazteknoloji.com\/index.php\/wp-json\/wp\/v2\/types\/page"}],"author":[{"embeddable":true,"href":"https:\/\/ayazteknoloji.com\/index.php\/wp-json\/wp\/v2\/users\/1"}],"replies":[{"embeddable":true,"href":"https:\/\/ayazteknoloji.com\/index.php\/wp-json\/wp\/v2\/comments?post=27"}],"version-history":[{"count":10,"href":"https:\/\/ayazteknoloji.com\/index.php\/wp-json\/wp\/v2\/pages\/27\/revisions"}],"predecessor-version":[{"id":10855,"href":"https:\/\/ayazteknoloji.com\/index.php\/wp-json\/wp\/v2\/pages\/27\/revisions\/10855"}],"wp:attachment":[{"href":"https:\/\/ayazteknoloji.com\/index.php\/wp-json\/wp\/v2\/media?parent=27"}],"curies":[{"name":"wp","href":"https:\/\/api.w.org\/{rel}","templated":true}]}}